{"id":49,"date":"2015-12-08T21:58:26","date_gmt":"2015-12-08T20:58:26","guid":{"rendered":"http:\/\/www.christianskochstudio.at\/homepageneu\/?page_id=49"},"modified":"2016-09-05T19:50:46","modified_gmt":"2016-09-05T17:50:46","slug":"suppen-zum-leffin","status":"publish","type":"page","link":"http:\/\/www.christianskochstudio.at\/homepageneu\/suppen-zum-leffin\/","title":{"rendered":"Suppen \/\/ Zum Leffin"},"content":{"rendered":"<p style=\"text-align: left;\"><a href=\"http:\/\/www.christianskochstudio.at\/homepageneu\/baerlauchcreme-suppe\/\">B\u00e4rlauchsamtsuppe mit Lachsfilet<\/a><br \/>\n<a href=\"http:\/\/www.christianskochstudio.at\/homepageneu\/eierschwammerlsamtsuppe\/\">Eierschwammerlsamtsuppe<\/a><br \/>\n<a href=\"http:\/\/www.christianskochstudio.at\/homepageneu\/erbsensuppe\/\">Erbsensuppe<\/a><br \/>\n<a href=\"http:\/\/www.christianskochstudio.at\/homepageneu\/fischgulasch-suppe\/\">Fischgulasch &#8211; Suppe<br \/>\n<\/a><a href=\"http:\/\/www.christianskochstudio.at\/homepageneu\/frittatensuppe\/\">Frittatensuppe<\/a><a href=\"http:\/\/www.christianskochstudio.at\/homepageneu\/fischgulasch-suppe\/\"><br \/>\n<\/a><a href=\"http:\/\/www.christianskochstudio.at\/homepageneu\/gemuesesuppe\/\">Gem\u00fcsesuppe<\/a><br \/>\n<a href=\"http:\/\/www.christianskochstudio.at\/homepageneu\/gurkensuppe-mit-dillspitzen\/\">Gurkensuppe mit Dillspitzen<\/a><br \/>\n<a href=\"http:\/\/www.christianskochstudio.at\/homepageneu\/huehnersuppe\/\">H\u00fchnersuppe<br \/>\n<\/a><a href=\"http:\/\/www.christianskochstudio.at\/homepageneu\/kuerbis-orangen-suppe-mit-ingwer\/\">K\u00fcrbis-Orangen-Suppe mit Ingwer<\/a><br \/>\n<a href=\"http:\/\/www.christianskochstudio.at\/homepageneu\/maissuppe\/\">Maissuppe<\/a><br \/>\n<a href=\"http:\/\/www.christianskochstudio.at\/homepageneu\/maronisamtsuppe\/\">Maronisamtsuppe<\/a><br \/>\n<a href=\"http:\/\/www.christianskochstudio.at\/homepageneu\/paprikaschaumsuppe\/\">Paprikaschaumsuppe<\/a><br \/>\n<a href=\"http:\/\/www.christianskochstudio.at\/homepageneu\/rindsuppe\/\">Rindsuppe<br \/>\n<\/a><a href=\"http:\/\/www.christianskochstudio.at\/homepageneu\/sellerieschaumsuppe\/\">Sellerieschaumsuppe<\/a><br \/>\n<a href=\"http:\/\/www.christianskochstudio.at\/homepageneu\/tiroia-gearschtlsuppn\/\">Tiroia Gearschtlsuppn \/ Tiroler Gerstensuppe<\/a><br \/>\n<a href=\"http:\/\/www.christianskochstudio.at\/homepageneu\/tiroler-erdaepfelsuppe\/\">Tiroler Erd\u00e4pfelsuppe<\/a><br \/>\n<a href=\"http:\/\/www.christianskochstudio.at\/homepageneu\/zwiebelsuppe\/\">Zwiebelsuppe &#8211; Soupe \u00e0 l&#8217;oignon<\/a><\/p>\n","protected":false},"excerpt":{"rendered":"<p>B\u00e4rlauchsamtsuppe mit Lachsfilet Eierschwammerlsamtsuppe Erbsensuppe Fischgulasch &#8211; Suppe Frittatensuppe Gem\u00fcsesuppe Gurkensuppe mit Dillspitzen H\u00fchnersuppe K\u00fcrbis-Orangen-Suppe mit Ingwer Maissuppe Maronisamtsuppe Paprikaschaumsuppe Rindsuppe Sellerieschaumsuppe Tiroia Gearschtlsuppn \/ Tiroler Gerstensuppe Tiroler Erd\u00e4pfelsuppe Zwiebelsuppe &#8211; Soupe \u00e0 l&#8217;oignon<\/p>\n","protected":false},"author":1,"featured_media":0,"parent":0,"menu_order":0,"comment_status":"closed","ping_status":"closed","template":"","meta":[],"_links":{"self":[{"href":"http:\/\/www.christianskochstudio.at\/homepageneu\/wp-json\/wp\/v2\/pages\/49"}],"collection":[{"href":"http:\/\/www.christianskochstudio.at\/homepageneu\/wp-json\/wp\/v2\/pages"}],"about":[{"href":"http:\/\/www.christianskochstudio.at\/homepageneu\/wp-json\/wp\/v2\/types\/page"}],"author":[{"embeddable":true,"href":"http:\/\/www.christianskochstudio.at\/homepageneu\/wp-json\/wp\/v2\/users\/1"}],"replies":[{"embeddable":true,"href":"http:\/\/www.christianskochstudio.at\/homepageneu\/wp-json\/wp\/v2\/comments?post=49"}],"version-history":[{"count":13,"href":"http:\/\/www.christianskochstudio.at\/homepageneu\/wp-json\/wp\/v2\/pages\/49\/revisions"}],"predecessor-version":[{"id":1310,"href":"http:\/\/www.christianskochstudio.at\/homepageneu\/wp-json\/wp\/v2\/pages\/49\/revisions\/1310"}],"wp:attachment":[{"href":"http:\/\/www.christianskochstudio.at\/homepageneu\/wp-json\/wp\/v2\/media?parent=49"}],"curies":[{"name":"wp","href":"https:\/\/api.w.org\/{rel}","templated":true}]}}