{"id":52,"date":"2015-12-08T21:59:42","date_gmt":"2015-12-08T20:59:42","guid":{"rendered":"http:\/\/www.christianskochstudio.at\/homepageneu\/?page_id=52"},"modified":"2017-03-12T12:10:20","modified_gmt":"2017-03-12T11:10:20","slug":"hauptgerichte-fian-unbandign","status":"publish","type":"page","link":"http:\/\/www.christianskochstudio.at\/homepageneu\/hauptgerichte-fian-unbandign\/","title":{"rendered":"Hauptgerichte \/\/ Fia&#8217;n Unbandign"},"content":{"rendered":"<p style=\"text-align: left;\"><strong>Herzhoaftes<\/strong><\/p>\n<p style=\"text-align: left;\"><a href=\"http:\/\/www.christianskochstudio.at\/homepageneu\/beef-fajitas\/\">Beef Fajitas<\/a><br \/>\n<a href=\"http:\/\/www.christianskochstudio.at\/homepageneu\/boeuf-stroganoff\/\">B\u0153uf Stroganoff<\/a><br \/>\n<a href=\"http:\/\/www.christianskochstudio.at\/homepageneu\/chili-con-carne\/\">Chili con Carne<\/a><br \/>\n<a href=\"http:\/\/www.christianskochstudio.at\/homepageneu\/club-sandwich\/\">Club Sandwich<\/a><br \/>\n<a href=\"http:\/\/www.christianskochstudio.at\/homepageneu\/erdaepfelgulasch\/\">Erd\u00e4pfelgulasch<\/a><br \/>\n<a href=\"http:\/\/www.christianskochstudio.at\/homepageneu\/fleischlaibchen-mit-lauch-karotten\/\">Fleischlaibchen mit Lauch-Karotten<\/a><br \/>\n<a href=\"http:\/\/www.christianskochstudio.at\/homepageneu\/lasagne-al-forno\/\">Lasagne al forno<br \/>\n<\/a><a href=\"http:\/\/www.christianskochstudio.at\/homepageneu\/penne-allarrabbiata\/\">Penne all&#8217;arrabbiata<\/a><br \/>\n<a href=\"http:\/\/www.christianskochstudio.at\/homepageneu\/reisfleisch\/\">Reisfleisch<\/a><br \/>\n<a href=\"http:\/\/www.christianskochstudio.at\/homepageneu\/rindsfiletsteak\/\">Rindsfiletsteak mit Eierschwammerlsauce und Erd\u00e4pfelgratin<\/a><br \/>\n<a href=\"http:\/\/www.christianskochstudio.at\/homepageneu\/rindsgulasch\/\">Rindsgulasch<br \/>\n<\/a><a href=\"http:\/\/www.christianskochstudio.at\/homepageneu\/rindsrouladen-mit-erdaepfelpueree-und-blaukraut\/\">Rindsrouladen mit Erd\u00e4pfelp\u00fcree und Blaukraut<\/a><br \/>\n<a href=\"http:\/\/www.christianskochstudio.at\/homepageneu\/schweinekotelett-mit-petersilienerdaepfel\/\">Schweinekotelett mit Petersilienerd\u00e4pfel<\/a><br \/>\n<a href=\"http:\/\/www.christianskochstudio.at\/homepageneu\/spargel-fuer-lucullus\/\">Spargel f\u00fcr Lucullus<\/a><br \/>\n<a href=\"http:\/\/www.christianskochstudio.at\/homepageneu\/sugo-bolognese\/\">Sugo Bolognese<\/a><br \/>\n<a href=\"http:\/\/www.christianskochstudio.at\/homepageneu\/tafelspitz\/\">Tafelspitz<\/a><br \/>\n<a href=\"http:\/\/www.christianskochstudio.at\/homepageneu\/tafelspitz\/\">Tiroler Gr\u00f6stl Deluxe<\/a><br \/>\n<a href=\"http:\/\/www.christianskochstudio.at\/homepageneu\/tiroler-speckknoedel\/\">Tiroler Speckkn\u00f6del<\/a><br \/>\n<a href=\"http:\/\/www.christianskochstudio.at\/homepageneu\/wunu\/\">WUNU<\/a><br \/>\n<a href=\"http:\/\/www.christianskochstudio.at\/homepageneu\/zwiebelrostbraten\/\">Zwiebelrostbraten<\/a><\/p>\n<p style=\"text-align: left;\"><strong>Mit Federn<\/strong><\/p>\n<p style=\"text-align: left;\"><a href=\"http:\/\/www.christianskochstudio.at\/homepageneu\/cordon-bleu\/\">Cordon Bleu mit Pommes<br \/>\n<\/a><a href=\"http:\/\/www.christianskochstudio.at\/homepageneu\/fruehlingsrollen\/\">Fr\u00fchlingsrollen<\/a><br \/>\n<a href=\"http:\/\/www.christianskochstudio.at\/homepageneu\/gefluegelrisotto\/\">Gefl\u00fcgelrisotto mit Eierschwammerln<\/a><br \/>\n<a href=\"http:\/\/www.christianskochstudio.at\/homepageneu\/hendl-nach-karos-art\/\">Hendl nach &#8222;Karos Art&#8220;<\/a><br \/>\n<a href=\"http:\/\/www.christianskochstudio.at\/homepageneu\/hendlbrust-mit-oliven\/\">Hendlbrust mit gr\u00fcnen Oliven<\/a><br \/>\n<a href=\"http:\/\/www.christianskochstudio.at\/homepageneu\/marinierte-hendlhaxn\/\">Marinierte Hendlhaxn<\/a><br \/>\n<a href=\"http:\/\/www.christianskochstudio.at\/homepageneu\/paprikahendl\/\">Paprikahendl<\/a><br \/>\n<a href=\"http:\/\/www.christianskochstudio.at\/homepageneu\/putenschnitzel-nach-wiener-art\/\">Putenschnitzel nach Wiener Art mit Erd\u00e4pfelsalat<\/a><br \/>\n<a href=\"http:\/\/www.christianskochstudio.at\/homepageneu\/zuericher-geschnetzeltes\/\">Z\u00fcricher Geschnetzeltes<\/a><\/p>\n<p style=\"text-align: left;\"><strong>Ausn Wossa<\/strong><\/p>\n<p style=\"text-align: left;\"><a href=\"http:\/\/www.christianskochstudio.at\/homepageneu\/erdaepfelquiche-mit-thunfisch\/\">Erd\u00e4pfelquiche mit Thunfisch<\/a><br \/>\n<a href=\"http:\/\/www.christianskochstudio.at\/homepageneu\/forelle-in-alufolie-mit-blitva\/\">Forelle in Alufolie mit Blitva<\/a><br \/>\n<a href=\"http:\/\/www.christianskochstudio.at\/homepageneu\/thunfischnudeln\/\">Thunfischnudeln<\/a><\/p>\n<p style=\"text-align: left;\"><strong>Fia de Kerndlbeissa<\/strong><\/p>\n<p style=\"text-align: left;\"><a href=\"http:\/\/www.christianskochstudio.at\/homepageneu\/blatteln-mit-kraut\/\">Blatteln mit Kraut<\/a><br \/>\n<a href=\"http:\/\/www.christianskochstudio.at\/homepageneu\/bohneneintopf\/\">Bohneneintopf<\/a><br \/>\n<a href=\"http:\/\/www.christianskochstudio.at\/homepageneu\/christians-gemueseeintopf\/\">Christians Gem\u00fcseeintopf<\/a><br \/>\n<a href=\"http:\/\/www.christianskochstudio.at\/homepageneu\/club-sandwich\/\">Club Sandwich<\/a><br \/>\n<a href=\"http:\/\/www.christianskochstudio.at\/homepageneu\/erdaepfelauflauf\/\">Erd\u00e4pfelauflauf<br \/>\n<\/a><a href=\"http:\/\/www.christianskochstudio.at\/homepageneu\/erdaepfelauflauf-mit-eier\/\">Erd\u00e4pfelauflauf mit Ei<\/a><a href=\"http:\/\/www.christianskochstudio.at\/homepageneu\/erdaepfelauflauf\/\"><br \/>\n<\/a><a href=\"http:\/\/www.christianskochstudio.at\/homepageneu\/erdaepfel-champignon-gulasch\/\">Erd\u00e4pfel-Champignon-Gulasch<\/a><br \/>\n<a href=\"http:\/\/www.christianskochstudio.at\/homepageneu\/paunzen-mit-sauerkraut\/\">Erd\u00e4pfelpaunzen mit Sauerkraut<br \/>\n<\/a><a href=\"http:\/\/www.christianskochstudio.at\/homepageneu\/erdaepfelquiche-mit-lauch-und-paprika\/\">Erd\u00e4pfelquiche mit Lauch und Paprika<\/a><br \/>\n<a href=\"http:\/\/www.christianskochstudio.at\/homepageneu\/gekochteerdaepfel\/\">Gekochte Erd\u00e4pfel<br \/>\n<\/a><a href=\"http:\/\/www.christianskochstudio.at\/homepageneu\/gefuellte-zucchini-auf-tomatensauce-mit-bulgur\/\">Gef\u00fcllte Zucchini auf Tomatensauce mit Bulgur<\/a><br \/>\n<a href=\"http:\/\/www.christianskochstudio.at\/homepageneu\/gemuese-im-blaetterteig\/\">Gem\u00fcse im Bl\u00e4tterteig<br \/>\n<\/a><a href=\"http:\/\/www.christianskochstudio.at\/homepageneu\/gerstenrisotto\/\">Gerstenrisotto<\/a><br \/>\n<a href=\"http:\/\/www.christianskochstudio.at\/homepageneu\/hausgemachte-bandnudeln-mit-eierschwammerlsauce\/\">Hausgemachte Bandnudeln mit Eierschwammerlsauce<\/a><br \/>\n<a href=\"http:\/\/www.christianskochstudio.at\/homepageneu\/hausgemachte-ravioli\/\">Hausgemachte Ravioli<br \/>\n<\/a><a href=\"http:\/\/www.christianskochstudio.at\/homepageneu\/hokkaido-nuggets\/\">Hokkaido Nuggets<\/a><br \/>\n<a href=\"http:\/\/www.christianskochstudio.at\/homepageneu\/karfiolauflauf-mit-paradeisersauce\/\">Karfiolauflauf mit Paradeiserso\u00dfe<\/a><br \/>\n<a href=\"http:\/\/www.christianskochstudio.at\/homepageneu\/kaspressknoedel\/\">Kaspresskn\u00f6del<\/a><br \/>\n<a href=\"http:\/\/www.christianskochstudio.at\/homepageneu\/kasspatzln\/\">Kasspatzln<br \/>\n<\/a><a href=\"http:\/\/www.christianskochstudio.at\/homepageneu\/kohlrabischnitzel-wiener-art-mit-petersilienerdaepfel-und-erbsen\/\">Kohlrabischnitzel &#8222;Wiener Art&#8220; mit Petersilienerd\u00e4pfel unf Erbsen<\/a><br \/>\n<a href=\"http:\/\/www.christianskochstudio.at\/homepageneu\/krautfleckerl-tante-jolesch\/\">Krautfleckerl &#8222;Tante Jolesch&#8220;<br \/>\n<\/a><a href=\"http:\/\/www.christianskochstudio.at\/homepageneu\/kuerbislaibchen\/\">K\u00fcrbislaibchen<\/a><br \/>\n<a href=\"http:\/\/www.christianskochstudio.at\/homepageneu\/lasagne-mit-pilze-und-spinat\/\">Lasagne mit Pilzen und Spinat<br \/>\n<\/a><a href=\"http:\/\/www.christianskochstudio.at\/homepageneu\/lauch-eierspatzln-mit-kuerbiskernoel-gurkensalat\/\">Lauch-Eierspatzln mit K\u00fcrbiskern\u00f6l &amp; Gurkensalat<\/a><br \/>\n<a href=\"http:\/\/www.christianskochstudio.at\/homepageneu\/lauch-fenchel-risotto\/\">Lauch-Fenchel Risotto<br \/>\n<\/a><a href=\"http:\/\/www.christianskochstudio.at\/homepageneu\/linsen-mit-curry\/\">Linsen mit Curry<\/a><br \/>\n<a href=\"http:\/\/www.christianskochstudio.at\/homepageneu\/melanzane-alla-parmigiana\/\">Melanzane alla Parmigiana<\/a><br \/>\n<a href=\"http:\/\/www.christianskochstudio.at\/homepageneu\/pasta-mit-spargel\/\">Pasta mit Spargel<\/a><br \/>\n<a href=\"http:\/\/www.christianskochstudio.at\/homepageneu\/pasta-mit-spinat\/\">Pasta mit Spinat<\/a><br \/>\n<a href=\"http:\/\/www.christianskochstudio.at\/homepageneu\/penne-mit-kirschtomaten-und-basilikum\/\">Penne mit Kirschtomaten und Basilikum<\/a><br \/>\n<a href=\"http:\/\/www.christianskochstudio.at\/homepageneu\/pilznudeln\/\">Pilznudeln<br \/>\n<\/a><a href=\"http:\/\/www.christianskochstudio.at\/homepageneu\/pilz-risotto\/\">Pilsrisotto<\/a><br \/>\n<a href=\"http:\/\/www.christianskochstudio.at\/homepageneu\/reibeplaetzchen\/\">Reibepl\u00e4tzchen (Kartoffelpuffer &amp; Co)<br \/>\n<\/a><a href=\"http:\/\/www.christianskochstudio.at\/homepageneu\/risotto-mit-getrockneten-tomaten\/\">Risotto mit getrockneten Tomaten<\/a><a href=\"http:\/\/www.christianskochstudio.at\/homepageneu\/reibeplaetzchen\/\"><br \/>\n<\/a><a href=\"http:\/\/www.christianskochstudio.at\/homepageneu\/semmelknoedel-mit-champignonsauce\/\">Semmelkn\u00f6del mit Champignonsauce<\/a><br \/>\n<a href=\"http:\/\/www.christianskochstudio.at\/homepageneu\/spaghetti-al-pomodoro\/\">Spaghetti al Pomodoro<\/a><br \/>\n<a href=\"http:\/\/www.christianskochstudio.at\/homepageneu\/spargelrisotto\/\">Spargelrisotto<\/a><br \/>\n<a href=\"http:\/\/www.christianskochstudio.at\/homepageneu\/spinatknoedel\/\">Spinatkn\u00f6del<\/a><br \/>\n<a href=\"http:\/\/www.christianskochstudio.at\/homepageneu\/topfennocken\/\">Topfennocken<\/a><br \/>\n<a href=\"http:\/\/www.christianskochstudio.at\/homepageneu\/vegetarische-muschelnudeln\/\">Vegetarische Muschelnudeln<br \/>\n<\/a><a href=\"http:\/\/www.christianskochstudio.at\/homepageneu\/zitronenrisotto\/\">Zitronenrisotto<\/a><\/p>\n","protected":false},"excerpt":{"rendered":"<p>Herzhoaftes Beef Fajitas B\u0153uf Stroganoff Chili con Carne Club Sandwich Erd\u00e4pfelgulasch Fleischlaibchen mit Lauch-Karotten Lasagne al forno Penne all&#8217;arrabbiata Reisfleisch Rindsfiletsteak mit Eierschwammerlsauce und Erd\u00e4pfelgratin Rindsgulasch Rindsrouladen mit Erd\u00e4pfelp\u00fcree und Blaukraut Schweinekotelett mit Petersilienerd\u00e4pfel Spargel f\u00fcr Lucullus Sugo Bolognese Tafelspitz Tiroler Gr\u00f6stl Deluxe Tiroler Speckkn\u00f6del WUNU Zwiebelrostbraten Mit Federn Cordon Bleu mit Pommes Fr\u00fchlingsrollen Gefl\u00fcgelrisotto &hellip; <a href=\"http:\/\/www.christianskochstudio.at\/homepageneu\/hauptgerichte-fian-unbandign\/\" class=\"more-link\"><span class=\"screen-reader-text\">Hauptgerichte \/\/ Fia&#8217;n Unbandign<\/span> weiterlesen <span class=\"meta-nav\">&rarr;<\/span><\/a><\/p>\n","protected":false},"author":1,"featured_media":0,"parent":0,"menu_order":0,"comment_status":"closed","ping_status":"closed","template":"","meta":[],"_links":{"self":[{"href":"http:\/\/www.christianskochstudio.at\/homepageneu\/wp-json\/wp\/v2\/pages\/52"}],"collection":[{"href":"http:\/\/www.christianskochstudio.at\/homepageneu\/wp-json\/wp\/v2\/pages"}],"about":[{"href":"http:\/\/www.christianskochstudio.at\/homepageneu\/wp-json\/wp\/v2\/types\/page"}],"author":[{"embeddable":true,"href":"http:\/\/www.christianskochstudio.at\/homepageneu\/wp-json\/wp\/v2\/users\/1"}],"replies":[{"embeddable":true,"href":"http:\/\/www.christianskochstudio.at\/homepageneu\/wp-json\/wp\/v2\/comments?post=52"}],"version-history":[{"count":38,"href":"http:\/\/www.christianskochstudio.at\/homepageneu\/wp-json\/wp\/v2\/pages\/52\/revisions"}],"predecessor-version":[{"id":1385,"href":"http:\/\/www.christianskochstudio.at\/homepageneu\/wp-json\/wp\/v2\/pages\/52\/revisions\/1385"}],"wp:attachment":[{"href":"http:\/\/www.christianskochstudio.at\/homepageneu\/wp-json\/wp\/v2\/media?parent=52"}],"curies":[{"name":"wp","href":"https:\/\/api.w.org\/{rel}","templated":true}]}}