{"id":78,"date":"2015-12-08T22:33:30","date_gmt":"2015-12-08T21:33:30","guid":{"rendered":"http:\/\/www.christianskochstudio.at\/homepageneu\/?page_id=78"},"modified":"2016-01-17T22:20:17","modified_gmt":"2016-01-17T21:20:17","slug":"willkommen","status":"publish","type":"page","link":"http:\/\/www.christianskochstudio.at\/homepageneu\/","title":{"rendered":"Willkommen!"},"content":{"rendered":"<div class=\"entry-content\">\n<p class=\"handschrift\" style=\"text-align: left;\"><a href=\"http:\/\/www.christianskochstudio.at\/homepageneu\/wp-content\/uploads\/2015\/12\/1.jpg\" rel=\"attachment wp-att-802\"><img loading=\"lazy\" class=\"size-medium wp-image-802 aligncenter\" src=\"http:\/\/www.christianskochstudio.at\/homepageneu\/wp-content\/uploads\/2015\/12\/1-199x300.jpg\" alt=\"1\" width=\"199\" height=\"300\" srcset=\"http:\/\/www.christianskochstudio.at\/homepageneu\/wp-content\/uploads\/2015\/12\/1-199x300.jpg 199w, http:\/\/www.christianskochstudio.at\/homepageneu\/wp-content\/uploads\/2015\/12\/1-768x1156.jpg 768w, http:\/\/www.christianskochstudio.at\/homepageneu\/wp-content\/uploads\/2015\/12\/1-680x1024.jpg 680w\" sizes=\"(max-width: 199px) 100vw, 199px\" \/><\/a><\/p>\n<p class=\"handschrift\" style=\"text-align: center;\">Herzlich Willkommen!<\/p>\n<p class=\"handschrift\" style=\"text-align: center;\"><em><strong>Bei uns finden Sie wohlschmeckende Rezepte f\u00fcr<br \/>\n<\/strong><\/em><em><strong>anspruchsvolle Genie\u00dfer, einfach nachzukochen<br \/>\nund <\/strong><\/em><em><strong>mit Liebe erkl\u00e4rt.<\/strong><\/em><\/p>\n<p class=\"handschrift\" style=\"text-align: center;\"><em><strong>Viel Freude beim Kochen!<\/strong><\/em><\/p>\n<\/div>\n","protected":false},"excerpt":{"rendered":"<p>Herzlich Willkommen! Bei uns finden Sie wohlschmeckende Rezepte f\u00fcr anspruchsvolle Genie\u00dfer, einfach nachzukochen und mit Liebe erkl\u00e4rt. Viel Freude beim Kochen!<\/p>\n","protected":false},"author":1,"featured_media":0,"parent":0,"menu_order":0,"comment_status":"closed","ping_status":"closed","template":"","meta":[],"_links":{"self":[{"href":"http:\/\/www.christianskochstudio.at\/homepageneu\/wp-json\/wp\/v2\/pages\/78"}],"collection":[{"href":"http:\/\/www.christianskochstudio.at\/homepageneu\/wp-json\/wp\/v2\/pages"}],"about":[{"href":"http:\/\/www.christianskochstudio.at\/homepageneu\/wp-json\/wp\/v2\/types\/page"}],"author":[{"embeddable":true,"href":"http:\/\/www.christianskochstudio.at\/homepageneu\/wp-json\/wp\/v2\/users\/1"}],"replies":[{"embeddable":true,"href":"http:\/\/www.christianskochstudio.at\/homepageneu\/wp-json\/wp\/v2\/comments?post=78"}],"version-history":[{"count":9,"href":"http:\/\/www.christianskochstudio.at\/homepageneu\/wp-json\/wp\/v2\/pages\/78\/revisions"}],"predecessor-version":[{"id":929,"href":"http:\/\/www.christianskochstudio.at\/homepageneu\/wp-json\/wp\/v2\/pages\/78\/revisions\/929"}],"wp:attachment":[{"href":"http:\/\/www.christianskochstudio.at\/homepageneu\/wp-json\/wp\/v2\/media?parent=78"}],"curies":[{"name":"wp","href":"https:\/\/api.w.org\/{rel}","templated":true}]}}